{"id":2761,"date":"2022-05-19T16:36:01","date_gmt":"2022-05-19T16:36:01","guid":{"rendered":"https:\/\/angolanembassy-nga.ao\/?page_id=2761"},"modified":"2022-05-19T17:07:05","modified_gmt":"2022-05-19T17:07:05","slug":"cultura","status":"publish","type":"page","link":"https:\/\/angolanembassy-nga.ao\/?page_id=2761","title":{"rendered":"Cultura"},"content":{"rendered":"\t\t<div data-elementor-type=\"wp-page\" data-elementor-id=\"2761\" class=\"elementor elementor-2761\">\n\t\t\t\t\t\t<section class=\"elementor-section elementor-top-section elementor-element elementor-element-c60fcd9 elementor-section-height-min-height elementor-section-boxed elementor-section-height-default elementor-section-items-middle wpr-particle-no wpr-jarallax-no wpr-parallax-no wpr-sticky-section-no\" data-id=\"c60fcd9\" data-element_type=\"section\" data-settings=\"{&quot;background_background&quot;:&quot;classic&quot;}\">\n\t\t\t\t\t\t\t<div class=\"elementor-background-overlay\"><\/div>\n\t\t\t\t\t\t\t<div class=\"elementor-container elementor-column-gap-default\">\n\t\t\t\t\t<div class=\"elementor-column elementor-col-100 elementor-top-column elementor-element elementor-element-f405cf2\" data-id=\"f405cf2\" data-element_type=\"column\">\n\t\t\t<div class=\"elementor-widget-wrap elementor-element-populated\">\n\t\t\t\t\t\t<section class=\"elementor-section elementor-inner-section elementor-element elementor-element-2aa4bc3 elementor-section-boxed elementor-section-height-default elementor-section-height-default wpr-particle-no wpr-jarallax-no wpr-parallax-no wpr-sticky-section-no\" data-id=\"2aa4bc3\" data-element_type=\"section\">\n\t\t\t\t\t\t<div class=\"elementor-container elementor-column-gap-default\">\n\t\t\t\t\t<div class=\"elementor-column elementor-col-100 elementor-inner-column elementor-element elementor-element-90c0789\" data-id=\"90c0789\" data-element_type=\"column\">\n\t\t\t<div class=\"elementor-widget-wrap elementor-element-populated\">\n\t\t\t\t\t\t<div class=\"elementor-element elementor-element-2130fb3 elementor-widget elementor-widget-heading\" data-id=\"2130fb3\" data-element_type=\"widget\" data-widget_type=\"heading.default\">\n\t\t\t\t<div class=\"elementor-widget-container\">\n\t\t\t\t\t<h1 class=\"elementor-heading-title elementor-size-default\">Cultura<\/h1>\t\t\t\t<\/div>\n\t\t\t\t<\/div>\n\t\t\t\t\t<\/div>\n\t\t<\/div>\n\t\t\t\t\t<\/div>\n\t\t<\/section>\n\t\t\t\t\t<\/div>\n\t\t<\/div>\n\t\t\t\t\t<\/div>\n\t\t<\/section>\n\t\t\t\t<section class=\"elementor-section elementor-top-section elementor-element elementor-element-24600dd2 elementor-reverse-tablet elementor-reverse-mobile elementor-section-boxed elementor-section-height-default elementor-section-height-default wpr-particle-no wpr-jarallax-no wpr-parallax-no wpr-sticky-section-no\" data-id=\"24600dd2\" data-element_type=\"section\" data-settings=\"{&quot;background_background&quot;:&quot;classic&quot;}\">\n\t\t\t\t\t\t\t<div class=\"elementor-background-overlay\"><\/div>\n\t\t\t\t\t\t\t<div class=\"elementor-container elementor-column-gap-default\">\n\t\t\t\t\t<div class=\"elementor-column elementor-col-100 elementor-top-column elementor-element elementor-element-7245a02b\" data-id=\"7245a02b\" data-element_type=\"column\" data-settings=\"{&quot;background_background&quot;:&quot;classic&quot;}\">\n\t\t\t<div class=\"elementor-widget-wrap elementor-element-populated\">\n\t\t\t\t\t\t<div class=\"elementor-element elementor-element-34b712a3 elementor-widget elementor-widget-text-editor\" data-id=\"34b712a3\" data-element_type=\"widget\" data-widget_type=\"text-editor.default\">\n\t\t\t\t<div class=\"elementor-widget-container\">\n\t\t\t\t\t\t\t\t\t<p class=\"p1\"><b>A Nossa Hist\u00f3ria<\/b><\/p><p class=\"p2\"><img fetchpriority=\"high\" decoding=\"async\" class=\"size-medium wp-image-2773 alignleft\" src=\"https:\/\/angolanembassy-nga.ao\/wp-content\/uploads\/2022\/05\/ANGOLA2-300x225.jpeg\" alt=\"\" width=\"300\" height=\"225\" srcset=\"https:\/\/angolanembassy-nga.ao\/wp-content\/uploads\/2022\/05\/ANGOLA2-300x225.jpeg 300w, https:\/\/angolanembassy-nga.ao\/wp-content\/uploads\/2022\/05\/ANGOLA2-1024x768.jpeg 1024w, https:\/\/angolanembassy-nga.ao\/wp-content\/uploads\/2022\/05\/ANGOLA2-768x576.jpeg 768w, https:\/\/angolanembassy-nga.ao\/wp-content\/uploads\/2022\/05\/ANGOLA2-1536x1152.jpeg 1536w, https:\/\/angolanembassy-nga.ao\/wp-content\/uploads\/2022\/05\/ANGOLA2.jpeg 1629w\" sizes=\"(max-width: 300px) 100vw, 300px\" \/>Angola \u00e9 um cruzado milenar de manancial cultural e antropol\u00f3gico de dimens\u00e3o e valor incalcul\u00e1veis que deve orgulhar os seus filhos.<span class=\"Apple-converted-space\">\u00a0<\/span><\/p><p class=\"p2\">O navegador portugu\u00eas Diogo C\u00e3o, aquando da sua chegada \u00e0s costas de Angola em 1482, encontrou j\u00e1 um reino estruturado \u2013 O Reino do Congo, formado pelos povos Bantu, vindos essencialmente do Norte.<\/p><p class=\"p2\">Foi ent\u00e3o estabelecida uma rela\u00e7\u00e3o cordial entre os portugueses e os soberanos do Reino com intensas trocas comerciais. Mas essa rela\u00e7\u00e3o cordial foi quebrada quando Paulo Dias de Novais iniciou a ocupa\u00e7\u00e3o e administra\u00e7\u00e3o directa da orla mar\u00edtima atrav\u00e9s do estabelecimento de v\u00e1rias capitanias.<\/p><p class=\"p2\">Paralelamente inicia-se o tr\u00e1fico de escravos para o Brasil at\u00e9 ao s\u00e9culo XIX quando foi abolida a escravatura.<\/p><p class=\"p2\">Angola \u00e9 um jovem pa\u00eds que conquistou a sua independ\u00eancia em 1975 ap\u00f3s mais de 500 anos de coloniza\u00e7\u00e3o portuguesa. A 4 de Fevereiro de 1961 d\u00e1-se o in\u00edcio da luta armada de liberta\u00e7\u00e3o (com destaque para tr\u00eas movimentos armados \u2013 MPLA, FNLA e UNITA).<\/p><p class=\"p2\">A 11 de Novembro de 1975 \u00e9 proclamada a independ\u00eancia de Angola pelo Dr. Ant\u00f3nio Agostinho Neto. N\u00e3o foi ainda, no entanto, nessa altura que Angola alcan\u00e7ou a t\u00e3o almejada paz.<\/p><p class=\"p2\">Os principais partidos armados envolveram-se numa guerra pelo poder que se prolongou por longos anos. Conquistada a paz a 4 de Abril de 2002, Angola encontra-se neste momento num din\u00e2mico processo de reconstru\u00e7\u00e3o nacional. Todos os sectores da economia angolana, assim como as infraestruturas t\u00eam sido alvo de esfor\u00e7os de revitaliza\u00e7\u00e3o.<\/p><p class=\"p1\"><b>L\u00edngua Oficial<\/b><\/p><p class=\"p2\">A l\u00edngua oficial \u00e9 o Portugu\u00eas. Existem ainda mais de 20 l\u00ednguas nacionais. A segunda l\u00edngua mais falada (26%) \u00e9 o umbundo na regi\u00e3o centro-sul de Angola e em muitos meios urbanos. A terceira l\u00edngua nacional mais falada (20%) \u00e9 o quimbundo na zona centro-norte, no eixo Luanda-Malanje e no Kwanza-Sul.<\/p><p class=\"p2\">Foi esta l\u00edngua que deu muitos voc\u00e1bulos \u00e0 l\u00edngua portuguesa e vice-versa. O quicongo (ou kikongo) falado no norte, (U\u00edge e Zaire) tem diversos dialectos. Na prov\u00edncia de Cabinda, fala-se o fiote ou ibinda. O chocu\u00e9 (ou tchokwe) \u00e9 a l\u00edngua do leste, por excel\u00eancia. Desde a Lunda Norte ao Cuando Cubango.<span class=\"Apple-converted-space\">\u00a0<\/span><\/p><p class=\"p2\">Cuanhama (kwanyama ou oxikwnyama), nhaneca (ou nyaneca) e mbunda s\u00e3o outras l\u00ednguas de origem bantu faladas em Angola. No sul de Angola s\u00e3o ainda faladas outras l\u00ednguas do grupo khoisan, faladas pelos san, tamb\u00e9m chamados bosqu\u00edmanos.<\/p><p class=\"p2\">Uma das grandes mais-valias de Angola \u00e9 sem d\u00favida a sua cultura em todas as suas manifesta\u00e7\u00f5es. A m\u00fasica angolana tanto a tradicional (semba, rebita), como a dita moderna (kizomba, kuduro, zouk) tem sabido trilhar o seu caminho, j\u00e1 com alguma projec\u00e7\u00e3o internacional<b>.<\/b><\/p><p>Existem alguns instrumentos tradicionais que importa mencionar que fazem parte da riqueza cultural e tradicional angolana, como o batuque, o kissange e a marimba. &#8220;\u00c0 marimba e ao kissange, ao nosso Carnaval, Havemos de Voltar.&#8221;<span class=\"Apple-converted-space\">\u00a0<\/span><\/p><p class=\"p2\">As dan\u00e7as tradicionais extremamente ritmadas t\u00eam tamb\u00e9m lugar de destaque n\u00e3o deixando ningu\u00e9m indiferente.<span class=\"Apple-converted-space\">\u00a0<\/span><\/p><p class=\"p2\">A cada momento s\u00e3o enriquecidas com novos ritmos e varia\u00e7\u00f5es como demonstra\u00e7\u00e3o da apurada criatividade angolana no que a elas diz respeito. O Carnaval \u00e9 sem duvida uma das express\u00f5es culturais a seguir com um conjugar harmonioso de m\u00fasica, dan\u00e7a e tradi\u00e7\u00e3o. Em termos de artesanato Angola tem sem d\u00favida muito a oferecer.<\/p><p>O artesanato em madeira \u00e9 talvez o que tem mais express\u00e3o (pau-preto, pau cinza, pau rosa, panga-panga), mas existem ainda outros materiais que s\u00e3o explorados com muita mestria como o barro, a mateba (fibra duma palmeira), bronze, marfim, chifre, etc.<span class=\"Apple-converted-space\">\u00a0<\/span><\/p><p class=\"p2\">Nota importante \u2013 se adquirir pe\u00e7as de artesanato e pretender lev\u00e1-las para o exterior do pa\u00eds dever\u00e1 adquirir um selo no Minist\u00e9rio da Cultura e col\u00e1-lo na pe\u00e7a.<\/p><p class=\"p5\"><b>Curiosidades<\/b><\/p><p class=\"p2\">Em Angola, a dan\u00e7a distingue diversos g\u00e9neros, significados, formas e contextos, equilibrando a vertente recreativa com a sua condi\u00e7\u00e3o de ve\u00edculo de comunica\u00e7\u00e3o religiosa, curativa, ritual e mesmo de interven\u00e7\u00e3o social. N\u00e3o se restringindo ao \u00e2mbito tradicional e popular, manifesta-se igualmente atrav\u00e9s de linguagens acad\u00e9micas e contempor\u00e2neas.<\/p><p class=\"p2\">A presen\u00e7a constante da dan\u00e7a no quotidiano, \u00e9 produto de um contexto cultural apelativo para a interioriza\u00e7\u00e3o de estruturas r\u00edtmicas desde cedo. Iniciando-se pelo estreito contacto da crian\u00e7a com os movimentos da m\u00e3e (\u00e0s costas da qual \u00e9 transportada), esta liga\u00e7\u00e3o \u00e9 fortalecida atrav\u00e9s da participa\u00e7\u00e3o dos jovens nas diferentes celebra\u00e7\u00f5es sociais (os jovens s\u00e3o os que mais se envolvem), onde a dan\u00e7a se revela determinante enquanto factor de integra\u00e7\u00e3o e preserva\u00e7\u00e3o da identidade e do sentimento comunit\u00e1rio.<br \/>Com isto, Angola hoje, se destaca pelos mais diversos estilos musicais, tendo como principais: o Semba, o Kuduro e a Kizomba.<\/p><p class=\"p7\"><b>Religi\u00e3o<\/b><\/p><p class=\"p2\">A maioria da popula\u00e7\u00e3o angolana professa a religi\u00e3o cat\u00f3lica. Cerca de quarta parte da popula\u00e7\u00e3o pertencem as igrejas protestantes introduzidas durante o per\u00edodo colonial: as igrejas Baptista, enraizadas principalmente entre os bakongos, as metodistas, concentradas na \u00e1rea dos ambundos, e as congregacionais, implantadas entre os ovimbundos, para al\u00e9m das comunidades mais reduzidas de protestantes reformados e luteranos.<\/p><p class=\"p2\">Existem ainda as igrejas adventistas, as neo-apost\u00f3licas e um n\u00famero de igrejas pentecostais, algumas das quais com forte influ\u00eancia brasileira. H\u00e1, finalmente, duas igrejas do tipo sincr\u00e9tico, nomeadamente as igrejas kimbanguistas com origem da Rep\u00fablica Democr\u00e1tica do Congo e as igrejas toquistas que se constitu\u00edram em Angola, ambas com comunidades de dimens\u00e3o bastante limitada.<\/p><p class=\"p2\">Os praticantes de religi\u00f5es tradicionais africanas constituem uma pequena minoria, de car\u00e1cter residual, mas entre os crist\u00e3os encontram-se com alguma frequ\u00eancia cren\u00e7as e costumes herdados daquelas religi\u00f5es. Destaca-se ainda a presen\u00e7a de mu\u00e7ulmanos provenientes de outros pa\u00edses da \u00c1frica Ocidental.<\/p>\t\t\t\t\t\t\t\t<\/div>\n\t\t\t\t<\/div>\n\t\t\t\t<div class=\"elementor-element elementor-element-4347aaab elementor-widget elementor-widget-spacer\" data-id=\"4347aaab\" data-element_type=\"widget\" data-widget_type=\"spacer.default\">\n\t\t\t\t<div class=\"elementor-widget-container\">\n\t\t\t\t\t\t\t<div class=\"elementor-spacer\">\n\t\t\t<div class=\"elementor-spacer-inner\"><\/div>\n\t\t<\/div>\n\t\t\t\t\t\t<\/div>\n\t\t\t\t<\/div>\n\t\t\t\t<div class=\"elementor-element elementor-element-172db50b elementor-widget elementor-widget-spacer\" data-id=\"172db50b\" data-element_type=\"widget\" data-widget_type=\"spacer.default\">\n\t\t\t\t<div class=\"elementor-widget-container\">\n\t\t\t\t\t\t\t<div class=\"elementor-spacer\">\n\t\t\t<div class=\"elementor-spacer-inner\"><\/div>\n\t\t<\/div>\n\t\t\t\t\t\t<\/div>\n\t\t\t\t<\/div>\n\t\t\t\t\t<\/div>\n\t\t<\/div>\n\t\t\t\t\t<\/div>\n\t\t<\/section>\n\t\t\t\t<\/div>\n\t\t","protected":false},"excerpt":{"rendered":"<p>Cultura A Nossa Hist\u00f3ria Angola \u00e9 um cruzado milenar de manancial cultural e antropol\u00f3gico de dimens\u00e3o e valor incalcul\u00e1veis que deve orgulhar os seus filhos.\u00a0 O navegador portugu\u00eas Diogo C\u00e3o,<\/p>\n","protected":false},"author":1,"featured_media":0,"parent":0,"menu_order":0,"comment_status":"closed","ping_status":"closed","template":"elementor_header_footer","meta":{"footnotes":""},"class_list":["post-2761","page","type-page","status-publish","hentry","rishi-post","no-post-thumbnail"],"rishi__cb_customizer_meta":"","yoast_head":"<!-- This site is optimized with the Yoast SEO plugin v26.6 - https:\/\/yoast.com\/wordpress\/plugins\/seo\/ -->\n<title>Cultura - Embassy of the Republic of Angola in Nigeria<\/title>\n<meta name=\"robots\" content=\"index, follow, max-snippet:-1, max-image-preview:large, max-video-preview:-1\" \/>\n<link rel=\"canonical\" href=\"https:\/\/angolanembassy-nga.ao\/?page_id=2761\" \/>\n<meta property=\"og:locale\" content=\"pt_PT\" \/>\n<meta property=\"og:type\" content=\"article\" \/>\n<meta property=\"og:title\" content=\"Cultura - Embassy of the Republic of Angola in Nigeria\" \/>\n<meta property=\"og:description\" content=\"Cultura A Nossa Hist\u00f3ria Angola \u00e9 um cruzado milenar de manancial cultural e antropol\u00f3gico de dimens\u00e3o e valor incalcul\u00e1veis que deve orgulhar os seus filhos.\u00a0 O navegador portugu\u00eas Diogo C\u00e3o,\" \/>\n<meta property=\"og:url\" content=\"https:\/\/angolanembassy-nga.ao\/?page_id=2761\" \/>\n<meta property=\"og:site_name\" content=\"Embassy of the Republic of Angola in Nigeria\" \/>\n<meta property=\"article:publisher\" content=\"https:\/\/www.facebook.com\/profile.php?id=100092410200459\" \/>\n<meta property=\"article:modified_time\" content=\"2022-05-19T17:07:05+00:00\" \/>\n<meta property=\"og:image\" content=\"https:\/\/angolanembassy-nga.ao\/wp-content\/uploads\/2022\/05\/ANGOLA2-300x225.jpeg\" \/>\n<meta name=\"twitter:card\" content=\"summary_large_image\" \/>\n<meta name=\"twitter:site\" content=\"@AngolaNigeria\" \/>\n<meta name=\"twitter:label1\" content=\"Tempo estimado de leitura\" \/>\n\t<meta name=\"twitter:data1\" content=\"5 minutos\" \/>\n<script type=\"application\/ld+json\" class=\"yoast-schema-graph\">{\"@context\":\"https:\/\/schema.org\",\"@graph\":[{\"@type\":\"WebPage\",\"@id\":\"https:\/\/angolanembassy-nga.ao\/?page_id=2761\",\"url\":\"https:\/\/angolanembassy-nga.ao\/?page_id=2761\",\"name\":\"Cultura - Embassy of the Republic of Angola in Nigeria\",\"isPartOf\":{\"@id\":\"https:\/\/angolanembassy-nga.ao\/#website\"},\"primaryImageOfPage\":{\"@id\":\"https:\/\/angolanembassy-nga.ao\/?page_id=2761#primaryimage\"},\"image\":{\"@id\":\"https:\/\/angolanembassy-nga.ao\/?page_id=2761#primaryimage\"},\"thumbnailUrl\":\"https:\/\/angolanembassy-nga.ao\/wp-content\/uploads\/2022\/05\/ANGOLA2-300x225.jpeg\",\"datePublished\":\"2022-05-19T16:36:01+00:00\",\"dateModified\":\"2022-05-19T17:07:05+00:00\",\"breadcrumb\":{\"@id\":\"https:\/\/angolanembassy-nga.ao\/?page_id=2761#breadcrumb\"},\"inLanguage\":\"pt-PT\",\"potentialAction\":[{\"@type\":\"ReadAction\",\"target\":[\"https:\/\/angolanembassy-nga.ao\/?page_id=2761\"]}]},{\"@type\":\"ImageObject\",\"inLanguage\":\"pt-PT\",\"@id\":\"https:\/\/angolanembassy-nga.ao\/?page_id=2761#primaryimage\",\"url\":\"https:\/\/angolanembassy-nga.ao\/wp-content\/uploads\/2022\/05\/ANGOLA2-300x225.jpeg\",\"contentUrl\":\"https:\/\/angolanembassy-nga.ao\/wp-content\/uploads\/2022\/05\/ANGOLA2-300x225.jpeg\"},{\"@type\":\"BreadcrumbList\",\"@id\":\"https:\/\/angolanembassy-nga.ao\/?page_id=2761#breadcrumb\",\"itemListElement\":[{\"@type\":\"ListItem\",\"position\":1,\"name\":\"In\u00edcio\",\"item\":\"https:\/\/angolanembassy-nga.ao\/\"},{\"@type\":\"ListItem\",\"position\":2,\"name\":\"Cultura\"}]},{\"@type\":\"WebSite\",\"@id\":\"https:\/\/angolanembassy-nga.ao\/#website\",\"url\":\"https:\/\/angolanembassy-nga.ao\/\",\"name\":\"Embassy of the Republic of Angola in Nigeria\",\"description\":\"Embassy of the Republic of Angola in Nigeria\",\"publisher\":{\"@id\":\"https:\/\/angolanembassy-nga.ao\/#organization\"},\"potentialAction\":[{\"@type\":\"SearchAction\",\"target\":{\"@type\":\"EntryPoint\",\"urlTemplate\":\"https:\/\/angolanembassy-nga.ao\/?s={search_term_string}\"},\"query-input\":{\"@type\":\"PropertyValueSpecification\",\"valueRequired\":true,\"valueName\":\"search_term_string\"}}],\"inLanguage\":\"pt-PT\"},{\"@type\":\"Organization\",\"@id\":\"https:\/\/angolanembassy-nga.ao\/#organization\",\"name\":\"Embaixada de Angola na Nigeria\",\"alternateName\":\"Angolan Embassy in Nigeria\",\"url\":\"https:\/\/angolanembassy-nga.ao\/\",\"logo\":{\"@type\":\"ImageObject\",\"inLanguage\":\"pt-PT\",\"@id\":\"https:\/\/angolanembassy-nga.ao\/#\/schema\/logo\/image\/\",\"url\":\"https:\/\/angolanembassy-nga.ao\/wp-content\/uploads\/2023\/04\/Logo-FB-01.jpg\",\"contentUrl\":\"https:\/\/angolanembassy-nga.ao\/wp-content\/uploads\/2023\/04\/Logo-FB-01.jpg\",\"width\":2134,\"height\":2134,\"caption\":\"Embaixada de Angola na Nigeria\"},\"image\":{\"@id\":\"https:\/\/angolanembassy-nga.ao\/#\/schema\/logo\/image\/\"},\"sameAs\":[\"https:\/\/www.facebook.com\/profile.php?id=100092410200459\",\"https:\/\/x.com\/AngolaNigeria\"]}]}<\/script>\n<!-- \/ Yoast SEO plugin. -->","yoast_head_json":{"title":"Cultura - Embassy of the Republic of Angola in Nigeria","robots":{"index":"index","follow":"follow","max-snippet":"max-snippet:-1","max-image-preview":"max-image-preview:large","max-video-preview":"max-video-preview:-1"},"canonical":"https:\/\/angolanembassy-nga.ao\/?page_id=2761","og_locale":"pt_PT","og_type":"article","og_title":"Cultura - Embassy of the Republic of Angola in Nigeria","og_description":"Cultura A Nossa Hist\u00f3ria Angola \u00e9 um cruzado milenar de manancial cultural e antropol\u00f3gico de dimens\u00e3o e valor incalcul\u00e1veis que deve orgulhar os seus filhos.\u00a0 O navegador portugu\u00eas Diogo C\u00e3o,","og_url":"https:\/\/angolanembassy-nga.ao\/?page_id=2761","og_site_name":"Embassy of the Republic of Angola in Nigeria","article_publisher":"https:\/\/www.facebook.com\/profile.php?id=100092410200459","article_modified_time":"2022-05-19T17:07:05+00:00","og_image":[{"url":"https:\/\/angolanembassy-nga.ao\/wp-content\/uploads\/2022\/05\/ANGOLA2-300x225.jpeg","type":"","width":"","height":""}],"twitter_card":"summary_large_image","twitter_site":"@AngolaNigeria","twitter_misc":{"Tempo estimado de leitura":"5 minutos"},"schema":{"@context":"https:\/\/schema.org","@graph":[{"@type":"WebPage","@id":"https:\/\/angolanembassy-nga.ao\/?page_id=2761","url":"https:\/\/angolanembassy-nga.ao\/?page_id=2761","name":"Cultura - Embassy of the Republic of Angola in Nigeria","isPartOf":{"@id":"https:\/\/angolanembassy-nga.ao\/#website"},"primaryImageOfPage":{"@id":"https:\/\/angolanembassy-nga.ao\/?page_id=2761#primaryimage"},"image":{"@id":"https:\/\/angolanembassy-nga.ao\/?page_id=2761#primaryimage"},"thumbnailUrl":"https:\/\/angolanembassy-nga.ao\/wp-content\/uploads\/2022\/05\/ANGOLA2-300x225.jpeg","datePublished":"2022-05-19T16:36:01+00:00","dateModified":"2022-05-19T17:07:05+00:00","breadcrumb":{"@id":"https:\/\/angolanembassy-nga.ao\/?page_id=2761#breadcrumb"},"inLanguage":"pt-PT","potentialAction":[{"@type":"ReadAction","target":["https:\/\/angolanembassy-nga.ao\/?page_id=2761"]}]},{"@type":"ImageObject","inLanguage":"pt-PT","@id":"https:\/\/angolanembassy-nga.ao\/?page_id=2761#primaryimage","url":"https:\/\/angolanembassy-nga.ao\/wp-content\/uploads\/2022\/05\/ANGOLA2-300x225.jpeg","contentUrl":"https:\/\/angolanembassy-nga.ao\/wp-content\/uploads\/2022\/05\/ANGOLA2-300x225.jpeg"},{"@type":"BreadcrumbList","@id":"https:\/\/angolanembassy-nga.ao\/?page_id=2761#breadcrumb","itemListElement":[{"@type":"ListItem","position":1,"name":"In\u00edcio","item":"https:\/\/angolanembassy-nga.ao\/"},{"@type":"ListItem","position":2,"name":"Cultura"}]},{"@type":"WebSite","@id":"https:\/\/angolanembassy-nga.ao\/#website","url":"https:\/\/angolanembassy-nga.ao\/","name":"Embassy of the Republic of Angola in Nigeria","description":"Embassy of the Republic of Angola in Nigeria","publisher":{"@id":"https:\/\/angolanembassy-nga.ao\/#organization"},"potentialAction":[{"@type":"SearchAction","target":{"@type":"EntryPoint","urlTemplate":"https:\/\/angolanembassy-nga.ao\/?s={search_term_string}"},"query-input":{"@type":"PropertyValueSpecification","valueRequired":true,"valueName":"search_term_string"}}],"inLanguage":"pt-PT"},{"@type":"Organization","@id":"https:\/\/angolanembassy-nga.ao\/#organization","name":"Embaixada de Angola na Nigeria","alternateName":"Angolan Embassy in Nigeria","url":"https:\/\/angolanembassy-nga.ao\/","logo":{"@type":"ImageObject","inLanguage":"pt-PT","@id":"https:\/\/angolanembassy-nga.ao\/#\/schema\/logo\/image\/","url":"https:\/\/angolanembassy-nga.ao\/wp-content\/uploads\/2023\/04\/Logo-FB-01.jpg","contentUrl":"https:\/\/angolanembassy-nga.ao\/wp-content\/uploads\/2023\/04\/Logo-FB-01.jpg","width":2134,"height":2134,"caption":"Embaixada de Angola na Nigeria"},"image":{"@id":"https:\/\/angolanembassy-nga.ao\/#\/schema\/logo\/image\/"},"sameAs":["https:\/\/www.facebook.com\/profile.php?id=100092410200459","https:\/\/x.com\/AngolaNigeria"]}]}},"_links":{"self":[{"href":"https:\/\/angolanembassy-nga.ao\/index.php?rest_route=\/wp\/v2\/pages\/2761","targetHints":{"allow":["GET"]}}],"collection":[{"href":"https:\/\/angolanembassy-nga.ao\/index.php?rest_route=\/wp\/v2\/pages"}],"about":[{"href":"https:\/\/angolanembassy-nga.ao\/index.php?rest_route=\/wp\/v2\/types\/page"}],"author":[{"embeddable":true,"href":"https:\/\/angolanembassy-nga.ao\/index.php?rest_route=\/wp\/v2\/users\/1"}],"replies":[{"embeddable":true,"href":"https:\/\/angolanembassy-nga.ao\/index.php?rest_route=%2Fwp%2Fv2%2Fcomments&post=2761"}],"version-history":[{"count":16,"href":"https:\/\/angolanembassy-nga.ao\/index.php?rest_route=\/wp\/v2\/pages\/2761\/revisions"}],"predecessor-version":[{"id":2779,"href":"https:\/\/angolanembassy-nga.ao\/index.php?rest_route=\/wp\/v2\/pages\/2761\/revisions\/2779"}],"wp:attachment":[{"href":"https:\/\/angolanembassy-nga.ao\/index.php?rest_route=%2Fwp%2Fv2%2Fmedia&parent=2761"}],"curies":[{"name":"wp","href":"https:\/\/api.w.org\/{rel}","templated":true}]}}