{"id":13285,"date":"2024-12-11T16:41:37","date_gmt":"2024-12-11T16:41:37","guid":{"rendered":"https:\/\/angolanembassy-nga.ao\/?page_id=13285"},"modified":"2024-12-11T16:53:59","modified_gmt":"2024-12-11T16:53:59","slug":"politica-de-privacidade","status":"publish","type":"page","link":"https:\/\/angolanembassy-nga.ao\/?page_id=13285","title":{"rendered":"Politica de Privacidade"},"content":{"rendered":"\t\t<div data-elementor-type=\"wp-page\" data-elementor-id=\"13285\" class=\"elementor elementor-13285\">\n\t\t\t\t\t\t<section class=\"elementor-section elementor-top-section elementor-element elementor-element-c60fcd9 elementor-section-height-min-height elementor-section-boxed elementor-section-height-default elementor-section-items-middle wpr-particle-no wpr-jarallax-no wpr-parallax-no wpr-sticky-section-no\" data-id=\"c60fcd9\" data-element_type=\"section\" data-settings=\"{&quot;background_background&quot;:&quot;classic&quot;}\">\n\t\t\t\t\t\t\t<div class=\"elementor-background-overlay\"><\/div>\n\t\t\t\t\t\t\t<div class=\"elementor-container elementor-column-gap-default\">\n\t\t\t\t\t<div class=\"elementor-column elementor-col-100 elementor-top-column elementor-element elementor-element-f405cf2\" data-id=\"f405cf2\" data-element_type=\"column\">\n\t\t\t<div class=\"elementor-widget-wrap elementor-element-populated\">\n\t\t\t\t\t\t<section class=\"elementor-section elementor-inner-section elementor-element elementor-element-2aa4bc3 elementor-section-boxed elementor-section-height-default elementor-section-height-default wpr-particle-no wpr-jarallax-no wpr-parallax-no wpr-sticky-section-no\" data-id=\"2aa4bc3\" data-element_type=\"section\">\n\t\t\t\t\t\t<div class=\"elementor-container elementor-column-gap-default\">\n\t\t\t\t\t<div class=\"elementor-column elementor-col-100 elementor-inner-column elementor-element elementor-element-90c0789\" data-id=\"90c0789\" data-element_type=\"column\">\n\t\t\t<div class=\"elementor-widget-wrap elementor-element-populated\">\n\t\t\t\t\t\t<div class=\"elementor-element elementor-element-2130fb3 elementor-widget elementor-widget-heading\" data-id=\"2130fb3\" data-element_type=\"widget\" data-widget_type=\"heading.default\">\n\t\t\t\t<div class=\"elementor-widget-container\">\n\t\t\t\t\t<h1 class=\"elementor-heading-title elementor-size-default\">Politica de Privacidade<\/h1>\t\t\t\t<\/div>\n\t\t\t\t<\/div>\n\t\t\t\t\t<\/div>\n\t\t<\/div>\n\t\t\t\t\t<\/div>\n\t\t<\/section>\n\t\t\t\t\t<\/div>\n\t\t<\/div>\n\t\t\t\t\t<\/div>\n\t\t<\/section>\n\t\t\t\t<section class=\"elementor-section elementor-top-section elementor-element elementor-element-24600dd2 elementor-reverse-tablet elementor-reverse-mobile elementor-section-boxed elementor-section-height-default elementor-section-height-default wpr-particle-no wpr-jarallax-no wpr-parallax-no wpr-sticky-section-no\" data-id=\"24600dd2\" data-element_type=\"section\" data-settings=\"{&quot;background_background&quot;:&quot;classic&quot;}\">\n\t\t\t\t\t\t\t<div class=\"elementor-background-overlay\"><\/div>\n\t\t\t\t\t\t\t<div class=\"elementor-container elementor-column-gap-default\">\n\t\t\t\t\t<div class=\"elementor-column elementor-col-100 elementor-top-column elementor-element elementor-element-7245a02b\" data-id=\"7245a02b\" data-element_type=\"column\" data-settings=\"{&quot;background_background&quot;:&quot;classic&quot;}\">\n\t\t\t<div class=\"elementor-widget-wrap elementor-element-populated\">\n\t\t\t\t\t\t<div class=\"elementor-element elementor-element-34b712a3 elementor-widget elementor-widget-text-editor\" data-id=\"34b712a3\" data-element_type=\"widget\" data-widget_type=\"text-editor.default\">\n\t\t\t\t<div class=\"elementor-widget-container\">\n\t\t\t\t\t\t\t\t\t<p><strong>AVISO LEGAL<\/strong><\/p>\n<p>\u00a0<\/p>\n<p><strong>Termos e Condi\u00e7\u00f5es de Uso <\/strong><\/p>\n<p>\u00a0<\/p>\n<p>Este \u00e9 o site Oficial da Embaixada da Rep\u00fablica de Angola na Rep\u00fablica Federal da Nig\u00e9ria, cuja serventia \u00e9 atender as comunidades residentes, empresariais, investidores, pesquisadores, estudantes, turistas, entre outros.<\/p>\n<p>\u00a0<\/p>\n<p>Ele reflecte a pol\u00edtica de Governa\u00e7\u00e3o Electr\u00f3nica do Executivo Angolano plasmada por Lei.<\/p>\n<p>\u00a0<\/p>\n<p>Ao acessar o site, o usu\u00e1rio sujeita-se a concordar com os termos e condi\u00e7\u00f5es previamente estabelecidas para usar as p\u00e1ginas e links de e-GOV.AO para fins legais sem infringir os seus direitos.<\/p>\n<p>\u00a0<\/p>\n<p>Se voc\u00ea n\u00e3o concordar com os termos, ent\u00e3o, n\u00e3o poder\u00e1 usar o site.<\/p>\n<p><strong>\u00a0<\/strong><\/p>\n<p><strong>Direitos de Autor<\/strong><\/p>\n<p>\u00a0<\/p>\n<p>Os usu\u00e1rios podem visualizar, copiar, fazer o download parte ou a \u00edntegra dos conte\u00fados apenas para fins informativos, de pesquisa acad\u00e9mica ou cultural.<\/p>\n<p>\u00a0<\/p>\n<p>Para fins comerciais poder\u00e3o faze-lo com a pr\u00e9via\u00a0 permiss\u00e3o por escrito pela ger\u00eancia da website pelo n\u00famero de telefone +244923391038,<\/p>\n<p>ou pelo e-mail <a href=\"mailto:serv.imprensa@angolanembassy-nga.ao\">serv.imprensa@angolanembassy-nga.ao<\/a>.<\/p>\n<p>\u00a0<\/p>\n<p>Qualquer reprodu\u00e7\u00e3o e\/ou c\u00f3pia do conte\u00fado ou parte dele para fins comerciais deve incluir este aviso de direitos autorais em sua totalidade:<\/p>\n<p>\u00a0<\/p>\n<p>\u00a9 SIANGOLANEMBASSY2022 &#8211; TODOS OS DIREITOS RESERVADOS.<\/p>\n<p>\u00a0<\/p>\n<p>Quer dizer que todos os direitos morais e de\u00a0 conte\u00fado deste portal s\u00e3o expressamente reservados.<\/p>\n<p>\u00a0<\/p>\n<p>Todo o conte\u00fado, dados e marcas comerciais, incluindo, entre outros, software, tecnologia, bancos de dados, know-how, texto, gr\u00e1ficos, \u00edcones, hiperlinks, informa\u00e7\u00f5es privadas, designs, programas, publica\u00e7\u00f5es, produtos, processados \u200b\u200bou ideias descritas neste site podem estar sujeito a outros direitos, incluindo outros direitos de propriedade intelectual, que s\u00e3o de propriedade ou licenciados para os Servi\u00e7os de Imprensa da Embaixada de Angola na Nig\u00e9ria ou uma entidade legal e, como tal, est\u00e3o protegidos contra viola\u00e7\u00f5es da legisla\u00e7\u00e3o angolana e de tratados e conven\u00e7\u00f5es internacionais.<\/p>\n<p>\u00a0<\/p>\n<p>Neste site est\u00e3o catalogados links de outras institui\u00e7\u00f5es governamentais de Angola cujos recursos s\u00e3o mantidos por terceiros sobre os quais os Servi\u00e7os de Imprensa da Embaixada de Angola n\u00e3o tem controle.<\/p>\n<p>\u00a0<\/p>\n<p><strong>Proibi\u00e7\u00f5es<\/strong><\/p>\n<p>\u00a0<\/p>\n<p>\u00c9 expressamente proibido a qualquer pessoa, empresa ou entidade obter ou tentar obter acesso n\u00e3o autorizado a qualquer p\u00e1gina deste site, ou entregar ou tentar entregar qualquer c\u00f3digo n\u00e3o autorizado, prejudicial ou malicioso a este site.<\/p>\n<p>\u00a0<\/p>\n<p>Se uma pessoa entregar ou tentar entregar qualquer c\u00f3digo n\u00e3o autorizado, prejudicial ou mal-intencionado a este site ou tentar obter acesso n\u00e3o autorizado a qualquer p\u00e1gina deste site, ser\u00e1 feita uma acusa\u00e7\u00e3o criminal contra essa pessoa e, se algum \u00f3rg\u00e3o p\u00fablico sofrer qualquer dano ou perda, ser\u00e3o reivindicados danos civis.<\/p>\n<p>\u00a0<\/p>\n<p class=\"p1\"><strong>Privacidade<\/strong>\u00a0N\u00e3o divulgaremos informa\u00e7\u00f5es pessoais de nenhuma maneira n\u00e3o estabelecida nesta pol\u00edtica.\u00a0A declara\u00e7\u00e3o de privacidade se aplica aos Servi\u00e7os de Imprensa e a qualquer entidade legal que controla, verifica ou fa\u00e7a uso das informa\u00e7\u00f5es que podem ser colectadas atrav\u00e9s deste site.\u00a0 \u00a0Um usu\u00e1rio pode visitar este site sem fornecer nenhuma informa\u00e7\u00e3o pessoal. O usu\u00e1rio, no entanto, concorda com o uso de tais dados de acordo com esta declara\u00e7\u00e3o de privacidade. \u00a0O site cont\u00e9m links para outros sites que n\u00e3o s\u00e3o regidos por esta declara\u00e7\u00e3o de privacidade.\u00a0 \u00a0<\/p>\n<p><strong>Cookies<\/strong><br \/>Se voc\u00ea deixar um coment\u00e1rio em nosso site, poder\u00e1 optar por salvar seu nome, endere\u00e7o de e-mail e site em cookies. Isso \u00e9 feito para sua conveni\u00eancia, para que voc\u00ea n\u00e3o precise preencher seus dados novamente ao deixar outro coment\u00e1rio. Esses cookies durar\u00e3o um ano.<\/p>\n<p>Se voc\u00ea visitar nossa p\u00e1gina de login, configuraremos um cookie tempor\u00e1rio para determinar se seu navegador aceita cookies. Este cookie n\u00e3o cont\u00e9m dados pessoais e ser\u00e1 descartado ao fechar o navegador.<\/p>\n<p>Quando voc\u00ea faz login, tamb\u00e9m configuramos v\u00e1rios cookies para salvar suas informa\u00e7\u00f5es de login e suas prefer\u00eancias de exibi\u00e7\u00e3o de tela. Os cookies de login duram dois dias, e os cookies de op\u00e7\u00f5es de tela duram um ano. Se voc\u00ea selecionar &#8220;Lembrar-me&#8221;, seu login ser\u00e1 mantido por duas semanas. Se voc\u00ea sair da sua conta, os cookies de login ser\u00e3o removidos.<\/p>\n<p>Se voc\u00ea editar ou publicar um artigo, um cookie adicional ser\u00e1 salvo em seu navegador. Este cookie n\u00e3o inclui dados pessoais e simplesmente indica o ID do post do artigo que voc\u00ea acabou de editar. Ele expira ap\u00f3s 1 dia.<\/p>\n<p><strong>Conte\u00fado incorporado de outros sites<\/strong><br \/>Artigos neste site podem incluir conte\u00fado incorporado (por exemplo, v\u00eddeos, imagens, artigos, etc.). O conte\u00fado incorporado de outros sites se comporta exatamente da mesma forma como se voc\u00ea estivesse visitando o outro site diretamente.<\/p>\n<p>Esses sites podem coletar dados sobre voc\u00ea, usar cookies, incorporar rastreamento adicional de terceiros e monitorar sua intera\u00e7\u00e3o com o conte\u00fado incorporado, incluindo rastrear sua intera\u00e7\u00e3o se voc\u00ea tiver uma conta e estiver logado nesse site.<\/p>\n<p class=\"p1\">\u00a0\u00a0<strong>Disputas<\/strong>\u00a0N\u00e3o nos responsabilizamos por qualquer perda, interrup\u00e7\u00e3o ou dano aos seus dados ou sistema de computador que possa ocorrer quando voc\u00ea usar o e-GOV.AO.Qualquer disputa relacionada a estes termos e condi\u00e7\u00f5es, ou o seu uso do e-GOV.AO (seja contratual ou n\u00e3o contratual), estar\u00e1 sujeito \u00e0 jurisdi\u00e7\u00e3o exclusiva dos tribunais de Angola.\u00a0O propriet\u00e1rio do site se reserva o direito de alterar os termos e condi\u00e7\u00f5es desta Pol\u00edtica de Privacidade a qualquer momento.<strong>\u00a0<\/strong><strong>\u00a0<\/strong><strong>Endere\u00e7o<\/strong>\u00a0O endere\u00e7o deste site \u00e9: <a href=\"http:\/\/www.angolanembassy-nga.ao\">www.angolanembassy-nga.ao<\/a> Detalhes de contacto do propriet\u00e1rio do site \u00e9: 321 Diplomatic DriveCentral Area Abuja \u2013 NigeriaTelefone: +244 923391038. \u00a0E-mail: <a href=\"mailto:serv.imprensa@angolanembassy-nga.ao\">serv.imprensa@angolanembassy-nga.ao<\/a>\u00a0ABUJA, REP\u00daBLICA FEDERAL DA NIG\u00c9RIA<\/p>\t\t\t\t\t\t\t\t<\/div>\n\t\t\t\t<\/div>\n\t\t\t\t<div class=\"elementor-element elementor-element-4347aaab elementor-widget elementor-widget-spacer\" data-id=\"4347aaab\" data-element_type=\"widget\" data-widget_type=\"spacer.default\">\n\t\t\t\t<div class=\"elementor-widget-container\">\n\t\t\t\t\t\t\t<div class=\"elementor-spacer\">\n\t\t\t<div class=\"elementor-spacer-inner\"><\/div>\n\t\t<\/div>\n\t\t\t\t\t\t<\/div>\n\t\t\t\t<\/div>\n\t\t\t\t<div class=\"elementor-element elementor-element-172db50b elementor-widget elementor-widget-spacer\" data-id=\"172db50b\" data-element_type=\"widget\" data-widget_type=\"spacer.default\">\n\t\t\t\t<div class=\"elementor-widget-container\">\n\t\t\t\t\t\t\t<div class=\"elementor-spacer\">\n\t\t\t<div class=\"elementor-spacer-inner\"><\/div>\n\t\t<\/div>\n\t\t\t\t\t\t<\/div>\n\t\t\t\t<\/div>\n\t\t\t\t\t<\/div>\n\t\t<\/div>\n\t\t\t\t\t<\/div>\n\t\t<\/section>\n\t\t\t\t<\/div>\n\t\t","protected":false},"excerpt":{"rendered":"<p>Politica de Privacidade AVISO LEGAL \u00a0 Termos e Condi\u00e7\u00f5es de Uso \u00a0 Este \u00e9 o site Oficial da Embaixada da Rep\u00fablica de Angola na Rep\u00fablica Federal da Nig\u00e9ria, cuja serventia<\/p>\n","protected":false},"author":1,"featured_media":0,"parent":0,"menu_order":0,"comment_status":"closed","ping_status":"closed","template":"elementor_header_footer","meta":{"footnotes":""},"class_list":["post-13285","page","type-page","status-publish","hentry","rishi-post","no-post-thumbnail"],"rishi__cb_customizer_meta":"","yoast_head":"<!-- This site is optimized with the Yoast SEO plugin v26.6 - https:\/\/yoast.com\/wordpress\/plugins\/seo\/ -->\n<title>Politica de Privacidade - Embassy of the Republic of Angola in Nigeria<\/title>\n<meta name=\"description\" content=\"Este \u00e9 o site Oficial da Embaixada da Rep\u00fablica de Angola na Rep\u00fablica Federal da Nig\u00e9ria, cuja serventia \u00e9 atender as comunidades residentes, empresariais, investidores, pesquisadores, estudantes, turistas, entre outros.\" \/>\n<meta name=\"robots\" content=\"index, follow, max-snippet:-1, max-image-preview:large, max-video-preview:-1\" \/>\n<link rel=\"canonical\" href=\"https:\/\/angolanembassy-nga.ao\/?page_id=13285\" \/>\n<meta property=\"og:locale\" content=\"pt_PT\" \/>\n<meta property=\"og:type\" content=\"article\" \/>\n<meta property=\"og:title\" content=\"Politica de Privacidade - Embassy of the Republic of Angola in Nigeria\" \/>\n<meta property=\"og:description\" content=\"Este \u00e9 o site Oficial da Embaixada da Rep\u00fablica de Angola na Rep\u00fablica Federal da Nig\u00e9ria, cuja serventia \u00e9 atender as comunidades residentes, empresariais, investidores, pesquisadores, estudantes, turistas, entre outros.\" \/>\n<meta property=\"og:url\" content=\"https:\/\/angolanembassy-nga.ao\/?page_id=13285\" \/>\n<meta property=\"og:site_name\" content=\"Embassy of the Republic of Angola in Nigeria\" \/>\n<meta property=\"article:publisher\" content=\"https:\/\/www.facebook.com\/profile.php?id=100092410200459\" \/>\n<meta property=\"article:modified_time\" content=\"2024-12-11T16:53:59+00:00\" \/>\n<meta name=\"twitter:card\" content=\"summary_large_image\" \/>\n<meta name=\"twitter:site\" content=\"@AngolaNigeria\" \/>\n<meta name=\"twitter:label1\" content=\"Tempo estimado de leitura\" \/>\n\t<meta name=\"twitter:data1\" content=\"5 minutos\" \/>\n<script type=\"application\/ld+json\" class=\"yoast-schema-graph\">{\"@context\":\"https:\/\/schema.org\",\"@graph\":[{\"@type\":\"WebPage\",\"@id\":\"https:\/\/angolanembassy-nga.ao\/?page_id=13285\",\"url\":\"https:\/\/angolanembassy-nga.ao\/?page_id=13285\",\"name\":\"Politica de Privacidade - Embassy of the Republic of Angola in Nigeria\",\"isPartOf\":{\"@id\":\"https:\/\/angolanembassy-nga.ao\/#website\"},\"datePublished\":\"2024-12-11T16:41:37+00:00\",\"dateModified\":\"2024-12-11T16:53:59+00:00\",\"description\":\"Este \u00e9 o site Oficial da Embaixada da Rep\u00fablica de Angola na Rep\u00fablica Federal da Nig\u00e9ria, cuja serventia \u00e9 atender as comunidades residentes, empresariais, investidores, pesquisadores, estudantes, turistas, entre outros.\",\"breadcrumb\":{\"@id\":\"https:\/\/angolanembassy-nga.ao\/?page_id=13285#breadcrumb\"},\"inLanguage\":\"pt-PT\",\"potentialAction\":[{\"@type\":\"ReadAction\",\"target\":[\"https:\/\/angolanembassy-nga.ao\/?page_id=13285\"]}]},{\"@type\":\"BreadcrumbList\",\"@id\":\"https:\/\/angolanembassy-nga.ao\/?page_id=13285#breadcrumb\",\"itemListElement\":[{\"@type\":\"ListItem\",\"position\":1,\"name\":\"In\u00edcio\",\"item\":\"https:\/\/angolanembassy-nga.ao\/\"},{\"@type\":\"ListItem\",\"position\":2,\"name\":\"Politica de Privacidade\"}]},{\"@type\":\"WebSite\",\"@id\":\"https:\/\/angolanembassy-nga.ao\/#website\",\"url\":\"https:\/\/angolanembassy-nga.ao\/\",\"name\":\"Embassy of the Republic of Angola in Nigeria\",\"description\":\"Embassy of the Republic of Angola in Nigeria\",\"publisher\":{\"@id\":\"https:\/\/angolanembassy-nga.ao\/#organization\"},\"potentialAction\":[{\"@type\":\"SearchAction\",\"target\":{\"@type\":\"EntryPoint\",\"urlTemplate\":\"https:\/\/angolanembassy-nga.ao\/?s={search_term_string}\"},\"query-input\":{\"@type\":\"PropertyValueSpecification\",\"valueRequired\":true,\"valueName\":\"search_term_string\"}}],\"inLanguage\":\"pt-PT\"},{\"@type\":\"Organization\",\"@id\":\"https:\/\/angolanembassy-nga.ao\/#organization\",\"name\":\"Embaixada de Angola na Nigeria\",\"alternateName\":\"Angolan Embassy in Nigeria\",\"url\":\"https:\/\/angolanembassy-nga.ao\/\",\"logo\":{\"@type\":\"ImageObject\",\"inLanguage\":\"pt-PT\",\"@id\":\"https:\/\/angolanembassy-nga.ao\/#\/schema\/logo\/image\/\",\"url\":\"https:\/\/angolanembassy-nga.ao\/wp-content\/uploads\/2023\/04\/Logo-FB-01.jpg\",\"contentUrl\":\"https:\/\/angolanembassy-nga.ao\/wp-content\/uploads\/2023\/04\/Logo-FB-01.jpg\",\"width\":2134,\"height\":2134,\"caption\":\"Embaixada de Angola na Nigeria\"},\"image\":{\"@id\":\"https:\/\/angolanembassy-nga.ao\/#\/schema\/logo\/image\/\"},\"sameAs\":[\"https:\/\/www.facebook.com\/profile.php?id=100092410200459\",\"https:\/\/x.com\/AngolaNigeria\"]}]}<\/script>\n<!-- \/ Yoast SEO plugin. -->","yoast_head_json":{"title":"Politica de Privacidade - Embassy of the Republic of Angola in Nigeria","description":"Este \u00e9 o site Oficial da Embaixada da Rep\u00fablica de Angola na Rep\u00fablica Federal da Nig\u00e9ria, cuja serventia \u00e9 atender as comunidades residentes, empresariais, investidores, pesquisadores, estudantes, turistas, entre outros.","robots":{"index":"index","follow":"follow","max-snippet":"max-snippet:-1","max-image-preview":"max-image-preview:large","max-video-preview":"max-video-preview:-1"},"canonical":"https:\/\/angolanembassy-nga.ao\/?page_id=13285","og_locale":"pt_PT","og_type":"article","og_title":"Politica de Privacidade - Embassy of the Republic of Angola in Nigeria","og_description":"Este \u00e9 o site Oficial da Embaixada da Rep\u00fablica de Angola na Rep\u00fablica Federal da Nig\u00e9ria, cuja serventia \u00e9 atender as comunidades residentes, empresariais, investidores, pesquisadores, estudantes, turistas, entre outros.","og_url":"https:\/\/angolanembassy-nga.ao\/?page_id=13285","og_site_name":"Embassy of the Republic of Angola in Nigeria","article_publisher":"https:\/\/www.facebook.com\/profile.php?id=100092410200459","article_modified_time":"2024-12-11T16:53:59+00:00","twitter_card":"summary_large_image","twitter_site":"@AngolaNigeria","twitter_misc":{"Tempo estimado de leitura":"5 minutos"},"schema":{"@context":"https:\/\/schema.org","@graph":[{"@type":"WebPage","@id":"https:\/\/angolanembassy-nga.ao\/?page_id=13285","url":"https:\/\/angolanembassy-nga.ao\/?page_id=13285","name":"Politica de Privacidade - Embassy of the Republic of Angola in Nigeria","isPartOf":{"@id":"https:\/\/angolanembassy-nga.ao\/#website"},"datePublished":"2024-12-11T16:41:37+00:00","dateModified":"2024-12-11T16:53:59+00:00","description":"Este \u00e9 o site Oficial da Embaixada da Rep\u00fablica de Angola na Rep\u00fablica Federal da Nig\u00e9ria, cuja serventia \u00e9 atender as comunidades residentes, empresariais, investidores, pesquisadores, estudantes, turistas, entre outros.","breadcrumb":{"@id":"https:\/\/angolanembassy-nga.ao\/?page_id=13285#breadcrumb"},"inLanguage":"pt-PT","potentialAction":[{"@type":"ReadAction","target":["https:\/\/angolanembassy-nga.ao\/?page_id=13285"]}]},{"@type":"BreadcrumbList","@id":"https:\/\/angolanembassy-nga.ao\/?page_id=13285#breadcrumb","itemListElement":[{"@type":"ListItem","position":1,"name":"In\u00edcio","item":"https:\/\/angolanembassy-nga.ao\/"},{"@type":"ListItem","position":2,"name":"Politica de Privacidade"}]},{"@type":"WebSite","@id":"https:\/\/angolanembassy-nga.ao\/#website","url":"https:\/\/angolanembassy-nga.ao\/","name":"Embassy of the Republic of Angola in Nigeria","description":"Embassy of the Republic of Angola in Nigeria","publisher":{"@id":"https:\/\/angolanembassy-nga.ao\/#organization"},"potentialAction":[{"@type":"SearchAction","target":{"@type":"EntryPoint","urlTemplate":"https:\/\/angolanembassy-nga.ao\/?s={search_term_string}"},"query-input":{"@type":"PropertyValueSpecification","valueRequired":true,"valueName":"search_term_string"}}],"inLanguage":"pt-PT"},{"@type":"Organization","@id":"https:\/\/angolanembassy-nga.ao\/#organization","name":"Embaixada de Angola na Nigeria","alternateName":"Angolan Embassy in Nigeria","url":"https:\/\/angolanembassy-nga.ao\/","logo":{"@type":"ImageObject","inLanguage":"pt-PT","@id":"https:\/\/angolanembassy-nga.ao\/#\/schema\/logo\/image\/","url":"https:\/\/angolanembassy-nga.ao\/wp-content\/uploads\/2023\/04\/Logo-FB-01.jpg","contentUrl":"https:\/\/angolanembassy-nga.ao\/wp-content\/uploads\/2023\/04\/Logo-FB-01.jpg","width":2134,"height":2134,"caption":"Embaixada de Angola na Nigeria"},"image":{"@id":"https:\/\/angolanembassy-nga.ao\/#\/schema\/logo\/image\/"},"sameAs":["https:\/\/www.facebook.com\/profile.php?id=100092410200459","https:\/\/x.com\/AngolaNigeria"]}]}},"_links":{"self":[{"href":"https:\/\/angolanembassy-nga.ao\/index.php?rest_route=\/wp\/v2\/pages\/13285","targetHints":{"allow":["GET"]}}],"collection":[{"href":"https:\/\/angolanembassy-nga.ao\/index.php?rest_route=\/wp\/v2\/pages"}],"about":[{"href":"https:\/\/angolanembassy-nga.ao\/index.php?rest_route=\/wp\/v2\/types\/page"}],"author":[{"embeddable":true,"href":"https:\/\/angolanembassy-nga.ao\/index.php?rest_route=\/wp\/v2\/users\/1"}],"replies":[{"embeddable":true,"href":"https:\/\/angolanembassy-nga.ao\/index.php?rest_route=%2Fwp%2Fv2%2Fcomments&post=13285"}],"version-history":[{"count":5,"href":"https:\/\/angolanembassy-nga.ao\/index.php?rest_route=\/wp\/v2\/pages\/13285\/revisions"}],"predecessor-version":[{"id":13291,"href":"https:\/\/angolanembassy-nga.ao\/index.php?rest_route=\/wp\/v2\/pages\/13285\/revisions\/13291"}],"wp:attachment":[{"href":"https:\/\/angolanembassy-nga.ao\/index.php?rest_route=%2Fwp%2Fv2%2Fmedia&parent=13285"}],"curies":[{"name":"wp","href":"https:\/\/api.w.org\/{rel}","templated":true}]}}